{"id":9483,"date":"2025-11-10T17:35:52","date_gmt":"2025-11-10T17:35:52","guid":{"rendered":"https:\/\/www.slidesplash.com\/resolucao-de-litigios\/"},"modified":"2026-01-08T09:39:15","modified_gmt":"2026-01-08T09:39:15","slug":"resolution-des-litiges","status":"publish","type":"page","link":"https:\/\/www.slidesplash.com\/fr\/resolution-des-litiges\/","title":{"rendered":"R\u00e9solution des litiges"},"content":{"rendered":"[vc_row type=\u00a0\u00bbin_container\u00a0\u00bb full_screen_row_position=\u00a0\u00bbmiddle\u00a0\u00bb column_margin=\u00a0\u00bbdefault\u00a0\u00bb column_direction=\u00a0\u00bbdefault\u00a0\u00bb column_direction_tablet=\u00a0\u00bbdefault\u00a0\u00bb column_direction_phone=\u00a0\u00bbdefault\u00a0\u00bb scene_position=\u00a0\u00bbcenter\u00a0\u00bb top_padding=\u00a0\u00bb4%\u00a0\u00bb constrain_group_1=\u00a0\u00bbyes\u00a0\u00bb bottom_padding=\u00a0\u00bb4%\u00a0\u00bb text_color=\u00a0\u00bbdark\u00a0\u00bb text_align=\u00a0\u00bbleft\u00a0\u00bb row_border_radius=\u00a0\u00bbnone\u00a0\u00bb row_border_radius_applies=\u00a0\u00bbbg\u00a0\u00bb overflow=\u00a0\u00bbvisible\u00a0\u00bb id=\u00a0\u00bbpoliticas\u00a0\u00bb overlay_strength=\u00a0\u00bb0.3&Prime; gradient_direction=\u00a0\u00bbleft_to_right\u00a0\u00bb shape_divider_position=\u00a0\u00bbbottom\u00a0\u00bb bg_image_animation=\u00a0\u00bbnone\u00a0\u00bb gradient_type=\u00a0\u00bbdefault\u00a0\u00bb shape_type=\u00a0\u00bb\u00a0\u00bb][vc_column column_padding=\u00a0\u00bbno-extra-padding\u00a0\u00bb column_padding_tablet=\u00a0\u00bbinherit\u00a0\u00bb column_padding_phone=\u00a0\u00bbinherit\u00a0\u00bb column_padding_position=\u00a0\u00bball\u00a0\u00bb column_element_direction_desktop=\u00a0\u00bbdefault\u00a0\u00bb column_element_spacing=\u00a0\u00bbdefault\u00a0\u00bb desktop_text_alignment=\u00a0\u00bbdefault\u00a0\u00bb tablet_text_alignment=\u00a0\u00bbdefault\u00a0\u00bb phone_text_alignment=\u00a0\u00bbdefault\u00a0\u00bb background_color_opacity=\u00a0\u00bb1&Prime; background_hover_color_opacity=\u00a0\u00bb1&Prime; column_backdrop_filter=\u00a0\u00bbnone\u00a0\u00bb column_shadow=\u00a0\u00bbnone\u00a0\u00bb column_border_radius=\u00a0\u00bbnone\u00a0\u00bb column_link_target=\u00a0\u00bb_self\u00a0\u00bb column_position=\u00a0\u00bbdefault\u00a0\u00bb gradient_direction=\u00a0\u00bbleft_to_right\u00a0\u00bb overlay_strength=\u00a0\u00bb0.3&Prime; width=\u00a0\u00bb1\/1&Prime; tablet_width_inherit=\u00a0\u00bbdefault\u00a0\u00bb animation_type=\u00a0\u00bbdefault\u00a0\u00bb bg_image_animation=\u00a0\u00bbnone\u00a0\u00bb border_type=\u00a0\u00bbsimple\u00a0\u00bb column_border_width=\u00a0\u00bbnone\u00a0\u00bb column_border_style=\u00a0\u00bbsolid\u00a0\u00bb][vc_column_text css=\u00a0\u00bb\u00a0\u00bb text_direction=\u00a0\u00bbdefault\u00a0\u00bb]En cas de litige concernant l\u2019interpr\u00e9tation ou l\u2019application des pr\u00e9sentes conditions, les tribunaux de la circonscription de Portim\u00e3o seront comp\u00e9tents, sans pr\u00e9judice du droit de l\u2019Utilisateur, en sa qualit\u00e9 de consommateur, de recourir au R\u00e8glement Alternatif des Litiges (RAL) :<\/p>\n<h3>CIMAAL \u2013 Centre d\u2019Arbitrage des Conflits de Consommation de l\u2019Algarve<\/h3>\n<p>Av. 5 de Outubro, n\u00b0 55, Rez-de-chauss\u00e9e droit<br \/>\n8000-075 Faro, Portugal<br \/>\nT\u00e9l\u00e9phone : 289 823 135<br \/>\n(Appel vers le r\u00e9seau fixe national)<\/p>\n<p><strong>E-mail :<\/strong> info@consumoalgarve.pt<\/p>\n<p><strong>Site web :<\/strong> https:\/\/www.consumidoronline.pt<\/p>\n<p>En ce qui concerne l\u2019achat et la vente de billets via la Billetterie \u00c9lectronique Slide &amp; Splash, l\u2019Utilisateur, en sa qualit\u00e9 de consommateur, peut utiliser la plateforme de r\u00e8glement des litiges en ligne (ODR), accessible \u00e0 l\u2019adresse http:\/\/ec.europa.eu\/odr<br \/>\n.[\/vc_column_text][\/vc_column][\/vc_row]\n","protected":false},"excerpt":{"rendered":"<p>[vc_row type=\u00a0\u00bbin_container\u00a0\u00bb full_screen_row_position=\u00a0\u00bbmiddle\u00a0\u00bb column_margin=\u00a0\u00bbdefault\u00a0\u00bb column_direction=\u00a0\u00bbdefault\u00a0\u00bb column_direction_tablet=\u00a0\u00bbdefault\u00a0\u00bb column_direction_phone=\u00a0\u00bbdefault\u00a0\u00bb scene_position=\u00a0\u00bbcenter\u00a0\u00bb top_padding=\u00a0\u00bb4%\u00a0\u00bb constrain_group_1=\u00a0\u00bbyes\u00a0\u00bb bottom_padding=\u00a0\u00bb4%\u00a0\u00bb text_color=\u00a0\u00bbdark\u00a0\u00bb text_align=\u00a0\u00bbleft\u00a0\u00bb row_border_radius=\u00a0\u00bbnone\u00a0\u00bb row_border_radius_applies=\u00a0\u00bbbg\u00a0\u00bb overflow=\u00a0\u00bbvisible\u00a0\u00bb id=\u00a0\u00bbpoliticas\u00a0\u00bb overlay_strength=\u00a0\u00bb0.3&Prime; gradient_direction=\u00a0\u00bbleft_to_right\u00a0\u00bb shape_divider_position=\u00a0\u00bbbottom\u00a0\u00bb bg_image_animation=\u00a0\u00bbnone\u00a0\u00bb gradient_type=\u00a0\u00bbdefault\u00a0\u00bb shape_type=\u00a0\u00bb\u00a0\u00bb][vc_column column_padding=\u00a0\u00bbno-extra-padding\u00a0\u00bb column_padding_tablet=\u00a0\u00bbinherit\u00a0\u00bb column_padding_phone=\u00a0\u00bbinherit\u00a0\u00bb column_padding_position=\u00a0\u00bball\u00a0\u00bb column_element_direction_desktop=\u00a0\u00bbdefault\u00a0\u00bb column_element_spacing=\u00a0\u00bbdefault\u00a0\u00bb desktop_text_alignment=\u00a0\u00bbdefault\u00a0\u00bb&#8230;<\/p>\n","protected":false},"author":1,"featured_media":0,"parent":0,"menu_order":0,"comment_status":"closed","ping_status":"closed","template":"","meta":{"_acf_changed":false,"inline_featured_image":false,"ngg_post_thumbnail":0,"footnotes":""},"page_category":[],"class_list":["post-9483","page","type-page","status-publish"],"acf":[],"yoast_head":"<!-- This site is optimized with the Yoast SEO plugin v27.3 - https:\/\/yoast.com\/product\/yoast-seo-wordpress\/ -->\n<title>R\u00e9solution des litiges - Slide &amp; Splash<\/title>\n<meta name=\"description\" content=\"Consulte les informations sur la r\u00e9solution alternative des litiges et d\u00e9couvre tes droits en tant que consommateur de mani\u00e8re simple.\" \/>\n<meta name=\"robots\" content=\"index, follow, max-snippet:-1, max-image-preview:large, max-video-preview:-1\" \/>\n<link rel=\"canonical\" href=\"https:\/\/www.slidesplash.com\/resolucao-de-litigios\/\" \/>\n<meta property=\"og:locale\" content=\"fr_FR\" \/>\n<meta property=\"og:type\" content=\"article\" \/>\n<meta property=\"og:title\" content=\"R\u00e9solution des litiges - Slide &amp; Splash\" \/>\n<meta property=\"og:description\" content=\"Consulte les informations sur la r\u00e9solution alternative des litiges et d\u00e9couvre tes droits en tant que consommateur de mani\u00e8re simple.\" \/>\n<meta property=\"og:url\" content=\"https:\/\/www.slidesplash.com\/resolucao-de-litigios\/\" \/>\n<meta property=\"og:site_name\" content=\"Slide &amp; Splash\" \/>\n<meta property=\"article:modified_time\" content=\"2026-01-08T09:39:15+00:00\" \/>\n<meta name=\"twitter:card\" content=\"summary_large_image\" \/>\n<meta name=\"twitter:label1\" content=\"Dur\u00e9e de lecture estim\u00e9e\" \/>\n\t<meta name=\"twitter:data1\" content=\"1 minute\" \/>\n<script type=\"application\/ld+json\" class=\"yoast-schema-graph\">{\"@context\":\"https:\\\/\\\/schema.org\",\"@graph\":[{\"@type\":\"WebPage\",\"@id\":\"https:\\\/\\\/www.slidesplash.com\\\/resolucao-de-litigios\\\/\",\"url\":\"https:\\\/\\\/www.slidesplash.com\\\/resolucao-de-litigios\\\/\",\"name\":\"R\u00e9solution des litiges - Slide &amp; Splash\",\"isPartOf\":{\"@id\":\"https:\\\/\\\/www.slidesplash.com\\\/en\\\/#website\"},\"datePublished\":\"2025-11-10T17:35:52+00:00\",\"dateModified\":\"2026-01-08T09:39:15+00:00\",\"description\":\"Consulte les informations sur la r\u00e9solution alternative des litiges et d\u00e9couvre tes droits en tant que consommateur de mani\u00e8re simple.\",\"breadcrumb\":{\"@id\":\"https:\\\/\\\/www.slidesplash.com\\\/resolucao-de-litigios\\\/#breadcrumb\"},\"inLanguage\":\"fr-FR\",\"potentialAction\":[{\"@type\":\"ReadAction\",\"target\":[\"https:\\\/\\\/www.slidesplash.com\\\/resolucao-de-litigios\\\/\"]}]},{\"@type\":\"BreadcrumbList\",\"@id\":\"https:\\\/\\\/www.slidesplash.com\\\/resolucao-de-litigios\\\/#breadcrumb\",\"itemListElement\":[{\"@type\":\"ListItem\",\"position\":1,\"name\":\"In\u00edcio\",\"item\":\"https:\\\/\\\/www.slidesplash.com\\\/fr\\\/\"},{\"@type\":\"ListItem\",\"position\":2,\"name\":\"R\u00e9solution des litiges\"}]},{\"@type\":\"WebSite\",\"@id\":\"https:\\\/\\\/www.slidesplash.com\\\/en\\\/#website\",\"url\":\"https:\\\/\\\/www.slidesplash.com\\\/en\\\/\",\"name\":\"Slide &amp; Splash\",\"description\":\"\",\"potentialAction\":[{\"@type\":\"SearchAction\",\"target\":{\"@type\":\"EntryPoint\",\"urlTemplate\":\"https:\\\/\\\/www.slidesplash.com\\\/en\\\/?s={search_term_string}\"},\"query-input\":{\"@type\":\"PropertyValueSpecification\",\"valueRequired\":true,\"valueName\":\"search_term_string\"}}],\"inLanguage\":\"fr-FR\"}]}<\/script>\n<!-- \/ Yoast SEO plugin. -->","yoast_head_json":{"title":"R\u00e9solution des litiges - Slide &amp; Splash","description":"Consulte les informations sur la r\u00e9solution alternative des litiges et d\u00e9couvre tes droits en tant que consommateur de mani\u00e8re simple.","robots":{"index":"index","follow":"follow","max-snippet":"max-snippet:-1","max-image-preview":"max-image-preview:large","max-video-preview":"max-video-preview:-1"},"canonical":"https:\/\/www.slidesplash.com\/resolucao-de-litigios\/","og_locale":"fr_FR","og_type":"article","og_title":"R\u00e9solution des litiges - Slide &amp; Splash","og_description":"Consulte les informations sur la r\u00e9solution alternative des litiges et d\u00e9couvre tes droits en tant que consommateur de mani\u00e8re simple.","og_url":"https:\/\/www.slidesplash.com\/resolucao-de-litigios\/","og_site_name":"Slide &amp; Splash","article_modified_time":"2026-01-08T09:39:15+00:00","twitter_card":"summary_large_image","twitter_misc":{"Dur\u00e9e de lecture estim\u00e9e":"1 minute"},"schema":{"@context":"https:\/\/schema.org","@graph":[{"@type":"WebPage","@id":"https:\/\/www.slidesplash.com\/resolucao-de-litigios\/","url":"https:\/\/www.slidesplash.com\/resolucao-de-litigios\/","name":"R\u00e9solution des litiges - Slide &amp; Splash","isPartOf":{"@id":"https:\/\/www.slidesplash.com\/en\/#website"},"datePublished":"2025-11-10T17:35:52+00:00","dateModified":"2026-01-08T09:39:15+00:00","description":"Consulte les informations sur la r\u00e9solution alternative des litiges et d\u00e9couvre tes droits en tant que consommateur de mani\u00e8re simple.","breadcrumb":{"@id":"https:\/\/www.slidesplash.com\/resolucao-de-litigios\/#breadcrumb"},"inLanguage":"fr-FR","potentialAction":[{"@type":"ReadAction","target":["https:\/\/www.slidesplash.com\/resolucao-de-litigios\/"]}]},{"@type":"BreadcrumbList","@id":"https:\/\/www.slidesplash.com\/resolucao-de-litigios\/#breadcrumb","itemListElement":[{"@type":"ListItem","position":1,"name":"In\u00edcio","item":"https:\/\/www.slidesplash.com\/fr\/"},{"@type":"ListItem","position":2,"name":"R\u00e9solution des litiges"}]},{"@type":"WebSite","@id":"https:\/\/www.slidesplash.com\/en\/#website","url":"https:\/\/www.slidesplash.com\/en\/","name":"Slide &amp; Splash","description":"","potentialAction":[{"@type":"SearchAction","target":{"@type":"EntryPoint","urlTemplate":"https:\/\/www.slidesplash.com\/en\/?s={search_term_string}"},"query-input":{"@type":"PropertyValueSpecification","valueRequired":true,"valueName":"search_term_string"}}],"inLanguage":"fr-FR"}]}},"_links":{"self":[{"href":"https:\/\/www.slidesplash.com\/fr\/wp-json\/wp\/v2\/pages\/9483","targetHints":{"allow":["GET"]}}],"collection":[{"href":"https:\/\/www.slidesplash.com\/fr\/wp-json\/wp\/v2\/pages"}],"about":[{"href":"https:\/\/www.slidesplash.com\/fr\/wp-json\/wp\/v2\/types\/page"}],"author":[{"embeddable":true,"href":"https:\/\/www.slidesplash.com\/fr\/wp-json\/wp\/v2\/users\/1"}],"replies":[{"embeddable":true,"href":"https:\/\/www.slidesplash.com\/fr\/wp-json\/wp\/v2\/comments?post=9483"}],"version-history":[{"count":3,"href":"https:\/\/www.slidesplash.com\/fr\/wp-json\/wp\/v2\/pages\/9483\/revisions"}],"predecessor-version":[{"id":10057,"href":"https:\/\/www.slidesplash.com\/fr\/wp-json\/wp\/v2\/pages\/9483\/revisions\/10057"}],"wp:attachment":[{"href":"https:\/\/www.slidesplash.com\/fr\/wp-json\/wp\/v2\/media?parent=9483"}],"wp:term":[{"taxonomy":"page_category","embeddable":true,"href":"https:\/\/www.slidesplash.com\/fr\/wp-json\/wp\/v2\/page_category?post=9483"}],"curies":[{"name":"wp","href":"https:\/\/api.w.org\/{rel}","templated":true}]}}