{"id":9495,"date":"2025-11-10T17:35:17","date_gmt":"2025-11-10T17:35:17","guid":{"rendered":"https:\/\/www.slidesplash.com\/termos-e-condicoes\/"},"modified":"2026-01-07T20:03:08","modified_gmt":"2026-01-07T20:03:08","slug":"terminos-y-condiciones","status":"publish","type":"page","link":"https:\/\/www.slidesplash.com\/es\/terminos-y-condiciones\/","title":{"rendered":"T\u00e9rminos y condiciones"},"content":{"rendered":"[vc_row type=\u00bbin_container\u00bb full_screen_row_position=\u00bbmiddle\u00bb column_margin=\u00bbdefault\u00bb column_direction=\u00bbdefault\u00bb column_direction_tablet=\u00bbdefault\u00bb column_direction_phone=\u00bbdefault\u00bb scene_position=\u00bbcenter\u00bb top_padding=\u00bb4%\u00bb constrain_group_1=\u00bbyes\u00bb bottom_padding=\u00bb4%\u00bb text_color=\u00bbdark\u00bb text_align=\u00bbleft\u00bb row_border_radius=\u00bbnone\u00bb row_border_radius_applies=\u00bbbg\u00bb overflow=\u00bbvisible\u00bb id=\u00bbpoliticas\u00bb overlay_strength=\u00bb0.3&#8243; gradient_direction=\u00bbleft_to_right\u00bb shape_divider_position=\u00bbbottom\u00bb bg_image_animation=\u00bbnone\u00bb gradient_type=\u00bbdefault\u00bb shape_type=\u00bb\u00bb][vc_column column_padding=\u00bbno-extra-padding\u00bb column_padding_tablet=\u00bbinherit\u00bb column_padding_phone=\u00bbinherit\u00bb column_padding_position=\u00bball\u00bb column_element_direction_desktop=\u00bbdefault\u00bb column_element_spacing=\u00bbdefault\u00bb desktop_text_alignment=\u00bbdefault\u00bb tablet_text_alignment=\u00bbdefault\u00bb phone_text_alignment=\u00bbdefault\u00bb background_color_opacity=\u00bb1&#8243; background_hover_color_opacity=\u00bb1&#8243; column_backdrop_filter=\u00bbnone\u00bb column_shadow=\u00bbnone\u00bb column_border_radius=\u00bbnone\u00bb column_link_target=\u00bb_self\u00bb column_position=\u00bbdefault\u00bb gradient_direction=\u00bbleft_to_right\u00bb overlay_strength=\u00bb0.3&#8243; width=\u00bb1\/1&#8243; tablet_width_inherit=\u00bbdefault\u00bb animation_type=\u00bbdefault\u00bb bg_image_animation=\u00bbnone\u00bb border_type=\u00bbsimple\u00bb column_border_width=\u00bbnone\u00bb column_border_style=\u00bbsolid\u00bb][vc_column_text css=\u00bb\u00bb text_direction=\u00bbdefault\u00bb]\n<h3>1. \u00c1mbito de aplicaci\u00f3n<\/h3>\n<p>Los presentes T\u00e9rminos y Condiciones de Uso del Sitio Web Slide &amp; Splash y de la Taquilla Electr\u00f3nica Slide &amp; Splash, as\u00ed como la Pol\u00edtica de Privacidad, se aplican al Sitio Web Slide &amp; Splash y a la Taquilla Electr\u00f3nica Slide &amp; Splash de Correia &amp; Santinha, Lda.<\/p>\n<p>El sitio web de Slide &amp; Splash, la Taquilla Electr\u00f3nica Slide &amp; Splash y los servicios en ellos prestados son ofrecidos por Correia &amp; Santinha, Lda., con domicilio en E. N. 125, Vale de Deus, municipio de Lagoa, persona jur\u00eddica n\u00famero 501 585 583, registrada en la Conservatoria del Registro Mercantil a trav\u00e9s de la siguiente direcci\u00f3n electr\u00f3nica: http:\/\/www.slidesplash.com<br \/>\n, cuyo objetivo es poner a disposici\u00f3n un conjunto de servicios propios, con funcionalidades p\u00fablicas y privadas.<\/p>\n<p>Los presentes T\u00e9rminos y Condiciones de Uso del Sitio Web Slide &amp; Splash y de la Taquilla Electr\u00f3nica Slide &amp; Splash son aplicables al sitio web Slide &amp; Splash y a la Taquilla Electr\u00f3nica Slide &amp; Splash, pudiendo, no obstante, existir condiciones espec\u00edficas para determinados servicios disponibles a trav\u00e9s de la direcci\u00f3n electr\u00f3nica anteriormente indicada, tales como las Condiciones Generales de Venta de Entradas.<\/p>\n<h3>2. Aceptaci\u00f3n<\/h3>\n<p>El acceso al sitio web constituye la aceptaci\u00f3n por parte del usuario de los presentes T\u00e9rminos y Condiciones, tal y como se encuentren publicados en la fecha en que acceda al sitio web.<\/p>\n<h3>3. Modificaci\u00f3n<\/h3>\n<p>Correia &amp; Santinha, Lda. podr\u00e1, en cualquier momento, modificar los presentes T\u00e9rminos y Condiciones de Uso del Sitio Web Slide &amp; Splash y de la Taquilla Electr\u00f3nica Slide &amp; Splash, siendo responsabilidad exclusiva del usuario leerlos y revisarlos cada vez que acceda al presente sitio web, a fin de conocer los T\u00e9rminos y Condiciones de Uso del Sitio Web Slide &amp; Splash y de la Taquilla Electr\u00f3nica Slide &amp; Splash vigentes. No obstante, las modificaciones no producir\u00e1n efectos respecto de los pedidos realizados a trav\u00e9s de la Taquilla Electr\u00f3nica Slide &amp; Splash con anterioridad a dichas modificaciones.<\/p>\n<h3>4. Derechos de Propiedad Intelectual<\/h3>\n<p>El sitio web Slide &amp; Splash es un sitio web identificado por un nombre de dominio registrado.<\/p>\n<p>Los contenidos propios de Correia &amp; Santinha, Lda., incluidos marcas, dise\u00f1os, logotipos, textos, im\u00e1genes, materiales de audio y v\u00eddeo, pertenecen \u00fanica y exclusivamente a esta, o a terceros titulares que hayan autorizado su inclusi\u00f3n en el sitio web, estando protegidos conforme a la legislaci\u00f3n nacional e internacional en materia de Propiedad Intelectual. No est\u00e1 permitido mostrar, reproducir, distribuir, modificar, transmitir o utilizar los contenidos de ninguna forma, para ning\u00fan fin p\u00fablico o comercial, sin el consentimiento previo y expreso por escrito de Correia &amp; Santinha, Lda.<\/p>\n<p>No obstante, el usuario podr\u00e1 imprimir cualquier extracto de material contenido en este sitio, siempre que no sea alterado, sea para uso personal y no comercial, incluya la indicaci\u00f3n de la fuente y de los derechos de autor, y no se elimine ninguna otra indicaci\u00f3n de propiedad.<\/p>\n<p>Quedan expresamente prohibidos cualesquiera recursos t\u00e9cnicos, log\u00edsticos o tecnol\u00f3gicos mediante los cuales un tercero pueda beneficiarse, directa o indirectamente, con o sin \u00e1nimo de lucro, de los contenidos del sitio web o del esfuerzo llevado a cabo por Correia &amp; Santinha, Lda. para su funcionamiento. En concreto, salvo autorizaci\u00f3n expresa, queda prohibido cualquier banner, enlace, hiperenlace, framing o elemento similar que pueda establecerse hacia el sitio web Slide &amp; Splash. Cualquier incumplimiento de lo dispuesto en el presente art\u00edculo ser\u00e1 considerado una violaci\u00f3n de los leg\u00edtimos derechos de propiedad intelectual de Correia &amp; Santinha, Lda. sobre el sitio web y sus contenidos.<\/p>\n<h3>5. Condiciones de uso<\/h3>\n<p>El uso del sitio web Slide &amp; Splash, incluida la Taquilla Electr\u00f3nica Slide &amp; Splash, es gratuito. No obstante, el usuario podr\u00e1 suscribirse, a trav\u00e9s del sitio web, a servicios y productos que pueden estar sujetos a costes y condiciones. A este respecto, deber\u00e1n consultarse las Condiciones Generales de Venta de Entradas y la Pol\u00edtica de Cancelaci\u00f3n.<\/p>\n<h3>6. Responsabilidad<\/h3>\n<p>El sitio web Slide &amp; Splash dispone de niveles de seguridad adecuados; sin embargo, salvo que la ley lo proh\u00edba, Correia &amp; Santinha, Lda. no ser\u00e1 responsable de da\u00f1os directos o indirectos (incluidos, a t\u00edtulo meramente enunciativo, los da\u00f1os por p\u00e9rdida de datos o beneficios) derivados de:<\/p>\n<p>\u2022 Retrasos, interrupciones, errores y suspensiones de las comunicaciones originados por factores fuera de su control, en particular deficiencias o fallos provocados por la red de comunicaciones, el circuito el\u00e9ctrico o los servicios de comunicaciones prestados por terceros, el sistema inform\u00e1tico, los m\u00f3dems, el software de conexi\u00f3n o posibles virus inform\u00e1ticos;<\/p>\n<p>\u2022 Fallos y da\u00f1os derivados de la incompatibilidad de los servicios o contenidos del sitio web con otros servicios, contenidos o programas inform\u00e1ticos utilizados por el usuario;<\/p>\n<p>\u2022 Uso indebido de los servicios y contenidos puestos a disposici\u00f3n por Correia &amp; Santinha, Lda., como chats, grupos de noticias, foros, blogs, p\u00e1ginas personales, etc.;<\/p>\n<p>\u2022 Creaci\u00f3n de una identidad falsa, uso de \u201cclones\u201d o cualquier otro medio que permita navegar por el sitio web con una apariencia o identidad falsa por cualquier motivo, especialmente con el prop\u00f3sito de enga\u00f1ar a terceros respecto a la identidad del remitente o el origen del mensaje.<\/p>\n<h3>7. Actualizaci\u00f3n de contenidos<\/h3>\n<p>Correia &amp; Santinha, Lda. se reserva el derecho de realizar modificaciones y correcciones, suspender o cerrar el sitio web cuando lo considere oportuno y sin necesidad de aviso previo a los usuarios. No obstante, la actualizaci\u00f3n de contenidos no producir\u00e1 efectos respecto de los pedidos realizados a trav\u00e9s de la Taquilla Electr\u00f3nica Slide &amp; Splash con anterioridad a la modificaci\u00f3n o correcci\u00f3n.<\/p>\n<p>En caso de litigio, en la interpretaci\u00f3n o aplicaci\u00f3n de las presentes condiciones, ser\u00e1 competente el fuero del distrito judicial de Portim\u00e3o, con renuncia expresa a cualquier otro. Aunque el documento haya sido traducido al ingl\u00e9s y al espa\u00f1ol, prevalecer\u00e1 la versi\u00f3n redactada en lengua portuguesa.<\/p>\n<h3>8. Idioma<\/h3>\n<p>Los presentes T\u00e9rminos y Condiciones de Uso del Sitio Web Slide &amp; Splash y de la Taquilla Electr\u00f3nica Slide &amp; Splash tambi\u00e9n se presentan en ingl\u00e9s, franc\u00e9s y espa\u00f1ol. En caso de divergencia entre la versi\u00f3n en lengua portuguesa y las versiones en lengua inglesa, francesa o espa\u00f1ola, prevalecer\u00e1 la versi\u00f3n redactada en lengua portuguesa.<\/p>\n<h3>9. Ley y jurisdicci\u00f3n<\/h3>\n<p>Para todas las cuestiones no reguladas por las presentes condiciones ser\u00e1 de aplicaci\u00f3n la legislaci\u00f3n portuguesa.<\/p>\n<p>En caso de litigio sobre la interpretaci\u00f3n o aplicaci\u00f3n de las presentes condiciones, ser\u00e1 competente el fuero del distrito judicial de Portim\u00e3o, sin perjuicio de que el usuario, en su calidad de consumidor, pueda recurrir a la Resoluci\u00f3n Alternativa de Litigios (RAL):<\/p>\n<p><strong>CIMAAL \u2013 Centro de Arbitraje de Conflictos de Consumo del Algarve<\/strong><\/p>\n<p><strong>Av\u00aa. 5 de Outubro, n\u00ba 55, R\/C Dt\u00ba.<\/strong><br \/>\n<strong>8000-075 Faro, Portugal<\/strong><br \/>\n<strong>Tel\u00e9fono: 289 823 135<\/strong><br \/>\n(Llamada a la red fija nacional)<\/p>\n<p><strong>Correo electr\u00f3nico:<\/strong> info@consumoalgarve.pt<\/p>\n<p><strong>Web:<\/strong> https:\/\/www.consumidoronline.pt<\/p>\n<p>En relaci\u00f3n con la compra y venta de entradas a trav\u00e9s de la Taquilla Electr\u00f3nica Slide &amp; Splash, el usuario, en su calidad de consumidor, puede utilizar la plataforma de resoluci\u00f3n de litigios en l\u00ednea (ODR), accesible a trav\u00e9s de http:\/\/ec.europa.eu\/odr<\/p>\n<p><strong>\u00daltima actualizaci\u00f3n: marzo de 2024<\/strong>[\/vc_column_text][\/vc_column][\/vc_row]\n","protected":false},"excerpt":{"rendered":"<p>[vc_row type=\u00bbin_container\u00bb full_screen_row_position=\u00bbmiddle\u00bb column_margin=\u00bbdefault\u00bb column_direction=\u00bbdefault\u00bb column_direction_tablet=\u00bbdefault\u00bb column_direction_phone=\u00bbdefault\u00bb scene_position=\u00bbcenter\u00bb top_padding=\u00bb4%\u00bb constrain_group_1=\u00bbyes\u00bb bottom_padding=\u00bb4%\u00bb text_color=\u00bbdark\u00bb text_align=\u00bbleft\u00bb row_border_radius=\u00bbnone\u00bb row_border_radius_applies=\u00bbbg\u00bb overflow=\u00bbvisible\u00bb id=\u00bbpoliticas\u00bb overlay_strength=\u00bb0.3&#8243; gradient_direction=\u00bbleft_to_right\u00bb shape_divider_position=\u00bbbottom\u00bb bg_image_animation=\u00bbnone\u00bb gradient_type=\u00bbdefault\u00bb shape_type=\u00bb\u00bb][vc_column column_padding=\u00bbno-extra-padding\u00bb column_padding_tablet=\u00bbinherit\u00bb column_padding_phone=\u00bbinherit\u00bb column_padding_position=\u00bball\u00bb column_element_direction_desktop=\u00bbdefault\u00bb column_element_spacing=\u00bbdefault\u00bb desktop_text_alignment=\u00bbdefault\u00bb&#8230;<\/p>\n","protected":false},"author":1,"featured_media":0,"parent":0,"menu_order":0,"comment_status":"closed","ping_status":"closed","template":"","meta":{"_acf_changed":false,"inline_featured_image":false,"ngg_post_thumbnail":0,"footnotes":""},"page_category":[],"class_list":["post-9495","page","type-page","status-publish"],"acf":[],"yoast_head":"<!-- This site is optimized with the Yoast SEO plugin v27.3 - https:\/\/yoast.com\/product\/yoast-seo-wordpress\/ -->\n<title>T\u00e9rminos y condiciones - Slide &amp; Splash<\/title>\n<meta name=\"description\" content=\"Conoce los t\u00e9rminos y condiciones de uso del sitio web y mantente informado sobre las normas, derechos y responsabilidades de los usuarios.\" \/>\n<meta name=\"robots\" content=\"index, follow, max-snippet:-1, max-image-preview:large, max-video-preview:-1\" \/>\n<link rel=\"canonical\" href=\"https:\/\/www.slidesplash.com\/termos-e-condicoes\/\" \/>\n<meta property=\"og:locale\" content=\"es_ES\" \/>\n<meta property=\"og:type\" content=\"article\" \/>\n<meta property=\"og:title\" content=\"T\u00e9rminos y condiciones - Slide &amp; Splash\" \/>\n<meta property=\"og:description\" content=\"Conoce los t\u00e9rminos y condiciones de uso del sitio web y mantente informado sobre las normas, derechos y responsabilidades de los usuarios.\" \/>\n<meta property=\"og:url\" content=\"https:\/\/www.slidesplash.com\/termos-e-condicoes\/\" \/>\n<meta property=\"og:site_name\" content=\"Slide &amp; Splash\" \/>\n<meta property=\"article:modified_time\" content=\"2026-01-07T20:03:08+00:00\" \/>\n<meta name=\"twitter:card\" content=\"summary_large_image\" \/>\n<meta name=\"twitter:label1\" content=\"Tiempo de lectura\" \/>\n\t<meta name=\"twitter:data1\" content=\"7 minutos\" \/>\n<script type=\"application\/ld+json\" class=\"yoast-schema-graph\">{\"@context\":\"https:\\\/\\\/schema.org\",\"@graph\":[{\"@type\":\"WebPage\",\"@id\":\"https:\\\/\\\/www.slidesplash.com\\\/termos-e-condicoes\\\/\",\"url\":\"https:\\\/\\\/www.slidesplash.com\\\/termos-e-condicoes\\\/\",\"name\":\"T\u00e9rminos y condiciones - Slide &amp; Splash\",\"isPartOf\":{\"@id\":\"https:\\\/\\\/www.slidesplash.com\\\/en\\\/#website\"},\"datePublished\":\"2025-11-10T17:35:17+00:00\",\"dateModified\":\"2026-01-07T20:03:08+00:00\",\"description\":\"Conoce los t\u00e9rminos y condiciones de uso del sitio web y mantente informado sobre las normas, derechos y responsabilidades de los usuarios.\",\"breadcrumb\":{\"@id\":\"https:\\\/\\\/www.slidesplash.com\\\/termos-e-condicoes\\\/#breadcrumb\"},\"inLanguage\":\"es\",\"potentialAction\":[{\"@type\":\"ReadAction\",\"target\":[\"https:\\\/\\\/www.slidesplash.com\\\/termos-e-condicoes\\\/\"]}]},{\"@type\":\"BreadcrumbList\",\"@id\":\"https:\\\/\\\/www.slidesplash.com\\\/termos-e-condicoes\\\/#breadcrumb\",\"itemListElement\":[{\"@type\":\"ListItem\",\"position\":1,\"name\":\"In\u00edcio\",\"item\":\"https:\\\/\\\/www.slidesplash.com\\\/es\\\/\"},{\"@type\":\"ListItem\",\"position\":2,\"name\":\"T\u00e9rminos y condiciones\"}]},{\"@type\":\"WebSite\",\"@id\":\"https:\\\/\\\/www.slidesplash.com\\\/en\\\/#website\",\"url\":\"https:\\\/\\\/www.slidesplash.com\\\/en\\\/\",\"name\":\"Slide &amp; Splash\",\"description\":\"\",\"potentialAction\":[{\"@type\":\"SearchAction\",\"target\":{\"@type\":\"EntryPoint\",\"urlTemplate\":\"https:\\\/\\\/www.slidesplash.com\\\/en\\\/?s={search_term_string}\"},\"query-input\":{\"@type\":\"PropertyValueSpecification\",\"valueRequired\":true,\"valueName\":\"search_term_string\"}}],\"inLanguage\":\"es\"}]}<\/script>\n<!-- \/ Yoast SEO plugin. -->","yoast_head_json":{"title":"T\u00e9rminos y condiciones - Slide &amp; Splash","description":"Conoce los t\u00e9rminos y condiciones de uso del sitio web y mantente informado sobre las normas, derechos y responsabilidades de los usuarios.","robots":{"index":"index","follow":"follow","max-snippet":"max-snippet:-1","max-image-preview":"max-image-preview:large","max-video-preview":"max-video-preview:-1"},"canonical":"https:\/\/www.slidesplash.com\/termos-e-condicoes\/","og_locale":"es_ES","og_type":"article","og_title":"T\u00e9rminos y condiciones - Slide &amp; Splash","og_description":"Conoce los t\u00e9rminos y condiciones de uso del sitio web y mantente informado sobre las normas, derechos y responsabilidades de los usuarios.","og_url":"https:\/\/www.slidesplash.com\/termos-e-condicoes\/","og_site_name":"Slide &amp; Splash","article_modified_time":"2026-01-07T20:03:08+00:00","twitter_card":"summary_large_image","twitter_misc":{"Tiempo de lectura":"7 minutos"},"schema":{"@context":"https:\/\/schema.org","@graph":[{"@type":"WebPage","@id":"https:\/\/www.slidesplash.com\/termos-e-condicoes\/","url":"https:\/\/www.slidesplash.com\/termos-e-condicoes\/","name":"T\u00e9rminos y condiciones - Slide &amp; Splash","isPartOf":{"@id":"https:\/\/www.slidesplash.com\/en\/#website"},"datePublished":"2025-11-10T17:35:17+00:00","dateModified":"2026-01-07T20:03:08+00:00","description":"Conoce los t\u00e9rminos y condiciones de uso del sitio web y mantente informado sobre las normas, derechos y responsabilidades de los usuarios.","breadcrumb":{"@id":"https:\/\/www.slidesplash.com\/termos-e-condicoes\/#breadcrumb"},"inLanguage":"es","potentialAction":[{"@type":"ReadAction","target":["https:\/\/www.slidesplash.com\/termos-e-condicoes\/"]}]},{"@type":"BreadcrumbList","@id":"https:\/\/www.slidesplash.com\/termos-e-condicoes\/#breadcrumb","itemListElement":[{"@type":"ListItem","position":1,"name":"In\u00edcio","item":"https:\/\/www.slidesplash.com\/es\/"},{"@type":"ListItem","position":2,"name":"T\u00e9rminos y condiciones"}]},{"@type":"WebSite","@id":"https:\/\/www.slidesplash.com\/en\/#website","url":"https:\/\/www.slidesplash.com\/en\/","name":"Slide &amp; Splash","description":"","potentialAction":[{"@type":"SearchAction","target":{"@type":"EntryPoint","urlTemplate":"https:\/\/www.slidesplash.com\/en\/?s={search_term_string}"},"query-input":{"@type":"PropertyValueSpecification","valueRequired":true,"valueName":"search_term_string"}}],"inLanguage":"es"}]}},"_links":{"self":[{"href":"https:\/\/www.slidesplash.com\/es\/wp-json\/wp\/v2\/pages\/9495","targetHints":{"allow":["GET"]}}],"collection":[{"href":"https:\/\/www.slidesplash.com\/es\/wp-json\/wp\/v2\/pages"}],"about":[{"href":"https:\/\/www.slidesplash.com\/es\/wp-json\/wp\/v2\/types\/page"}],"author":[{"embeddable":true,"href":"https:\/\/www.slidesplash.com\/es\/wp-json\/wp\/v2\/users\/1"}],"replies":[{"embeddable":true,"href":"https:\/\/www.slidesplash.com\/es\/wp-json\/wp\/v2\/comments?post=9495"}],"version-history":[{"count":2,"href":"https:\/\/www.slidesplash.com\/es\/wp-json\/wp\/v2\/pages\/9495\/revisions"}],"predecessor-version":[{"id":10070,"href":"https:\/\/www.slidesplash.com\/es\/wp-json\/wp\/v2\/pages\/9495\/revisions\/10070"}],"wp:attachment":[{"href":"https:\/\/www.slidesplash.com\/es\/wp-json\/wp\/v2\/media?parent=9495"}],"wp:term":[{"taxonomy":"page_category","embeddable":true,"href":"https:\/\/www.slidesplash.com\/es\/wp-json\/wp\/v2\/page_category?post=9495"}],"curies":[{"name":"wp","href":"https:\/\/api.w.org\/{rel}","templated":true}]}}