{"id":9484,"date":"2025-11-10T17:35:52","date_gmt":"2025-11-10T17:35:52","guid":{"rendered":"https:\/\/www.slidesplash.com\/resolucao-de-litigios\/"},"modified":"2026-01-07T20:06:34","modified_gmt":"2026-01-07T20:06:34","slug":"resolucion-de-litigios","status":"publish","type":"page","link":"https:\/\/www.slidesplash.com\/es\/resolucion-de-litigios\/","title":{"rendered":"Resoluci\u00f3n de litigios"},"content":{"rendered":"[vc_row type=\u00bbin_container\u00bb full_screen_row_position=\u00bbmiddle\u00bb column_margin=\u00bbdefault\u00bb column_direction=\u00bbdefault\u00bb column_direction_tablet=\u00bbdefault\u00bb column_direction_phone=\u00bbdefault\u00bb scene_position=\u00bbcenter\u00bb top_padding=\u00bb4%\u00bb constrain_group_1=\u00bbyes\u00bb bottom_padding=\u00bb4%\u00bb text_color=\u00bbdark\u00bb text_align=\u00bbleft\u00bb row_border_radius=\u00bbnone\u00bb row_border_radius_applies=\u00bbbg\u00bb overflow=\u00bbvisible\u00bb id=\u00bbpoliticas\u00bb overlay_strength=\u00bb0.3&#8243; gradient_direction=\u00bbleft_to_right\u00bb shape_divider_position=\u00bbbottom\u00bb bg_image_animation=\u00bbnone\u00bb gradient_type=\u00bbdefault\u00bb shape_type=\u00bb\u00bb][vc_column column_padding=\u00bbno-extra-padding\u00bb column_padding_tablet=\u00bbinherit\u00bb column_padding_phone=\u00bbinherit\u00bb column_padding_position=\u00bball\u00bb column_element_direction_desktop=\u00bbdefault\u00bb column_element_spacing=\u00bbdefault\u00bb desktop_text_alignment=\u00bbdefault\u00bb tablet_text_alignment=\u00bbdefault\u00bb phone_text_alignment=\u00bbdefault\u00bb background_color_opacity=\u00bb1&#8243; background_hover_color_opacity=\u00bb1&#8243; column_backdrop_filter=\u00bbnone\u00bb column_shadow=\u00bbnone\u00bb column_border_radius=\u00bbnone\u00bb column_link_target=\u00bb_self\u00bb column_position=\u00bbdefault\u00bb gradient_direction=\u00bbleft_to_right\u00bb overlay_strength=\u00bb0.3&#8243; width=\u00bb1\/1&#8243; tablet_width_inherit=\u00bbdefault\u00bb animation_type=\u00bbdefault\u00bb bg_image_animation=\u00bbnone\u00bb border_type=\u00bbsimple\u00bb column_border_width=\u00bbnone\u00bb column_border_style=\u00bbsolid\u00bb][vc_column_text css=\u00bb\u00bb text_direction=\u00bbdefault\u00bb]En caso de litigio sobre la interpretaci\u00f3n o aplicaci\u00f3n de las presentes condiciones, ser\u00e1 competente el fuero del partido judicial de Portim\u00e3o, sin perjuicio de que el Usuario, en su calidad de consumidor, pueda recurrir a la Resoluci\u00f3n Alternativa de Litigios (RAL):<\/p>\n<h3>CIMAAL \u2013 Centro de Arbitraje de Conflictos de Consumo del Algarve<\/h3>\n<p>Av. 5 de Octubre, n.\u00ba 55, Planta Baja, Derecha<br \/>\n8000-075 Faro, Portugal<br \/>\nTel\u00e9fono: 289 823 135<br \/>\n(Llamada a la red fija nacional)<\/p>\n<p><strong>Correo electr\u00f3nico:<\/strong> info@consumoalgarve.pt<\/p>\n<p><strong>Web:<\/strong> https:\/\/www.consumidoronline.pt<\/p>\n<p>En relaci\u00f3n con la compra y venta de entradas a trav\u00e9s de la Taquilla Electr\u00f3nica Slide &amp; Splash, el Usuario, en su calidad de consumidor, puede utilizar la plataforma de resoluci\u00f3n de litigios en l\u00ednea (ODR), a la que se puede acceder a trav\u00e9s de http:\/\/ec.europa.eu\/odr<br \/>\n.[\/vc_column_text][\/vc_column][\/vc_row]\n","protected":false},"excerpt":{"rendered":"<p>[vc_row type=\u00bbin_container\u00bb full_screen_row_position=\u00bbmiddle\u00bb column_margin=\u00bbdefault\u00bb column_direction=\u00bbdefault\u00bb column_direction_tablet=\u00bbdefault\u00bb column_direction_phone=\u00bbdefault\u00bb scene_position=\u00bbcenter\u00bb top_padding=\u00bb4%\u00bb constrain_group_1=\u00bbyes\u00bb bottom_padding=\u00bb4%\u00bb text_color=\u00bbdark\u00bb text_align=\u00bbleft\u00bb row_border_radius=\u00bbnone\u00bb row_border_radius_applies=\u00bbbg\u00bb overflow=\u00bbvisible\u00bb id=\u00bbpoliticas\u00bb overlay_strength=\u00bb0.3&#8243; gradient_direction=\u00bbleft_to_right\u00bb shape_divider_position=\u00bbbottom\u00bb bg_image_animation=\u00bbnone\u00bb gradient_type=\u00bbdefault\u00bb shape_type=\u00bb\u00bb][vc_column column_padding=\u00bbno-extra-padding\u00bb column_padding_tablet=\u00bbinherit\u00bb column_padding_phone=\u00bbinherit\u00bb column_padding_position=\u00bball\u00bb column_element_direction_desktop=\u00bbdefault\u00bb column_element_spacing=\u00bbdefault\u00bb desktop_text_alignment=\u00bbdefault\u00bb&#8230;<\/p>\n","protected":false},"author":1,"featured_media":0,"parent":0,"menu_order":0,"comment_status":"closed","ping_status":"closed","template":"","meta":{"_acf_changed":false,"inline_featured_image":false,"ngg_post_thumbnail":0,"footnotes":""},"page_category":[],"class_list":["post-9484","page","type-page","status-publish"],"acf":[],"yoast_head":"<!-- This site is optimized with the Yoast SEO plugin v27.3 - https:\/\/yoast.com\/product\/yoast-seo-wordpress\/ -->\n<title>Resoluci\u00f3n de litigios - Slide &amp; Splash<\/title>\n<meta name=\"description\" content=\"Consulta la informaci\u00f3n sobre la resoluci\u00f3n alternativa de conflictos y conoce tus derechos como consumidor de forma sencilla.\" \/>\n<meta name=\"robots\" content=\"index, follow, max-snippet:-1, max-image-preview:large, max-video-preview:-1\" \/>\n<link rel=\"canonical\" href=\"https:\/\/www.slidesplash.com\/resolucao-de-litigios\/\" \/>\n<meta property=\"og:locale\" content=\"es_ES\" \/>\n<meta property=\"og:type\" content=\"article\" \/>\n<meta property=\"og:title\" content=\"Resoluci\u00f3n de litigios - Slide &amp; Splash\" \/>\n<meta property=\"og:description\" content=\"Consulta la informaci\u00f3n sobre la resoluci\u00f3n alternativa de conflictos y conoce tus derechos como consumidor de forma sencilla.\" \/>\n<meta property=\"og:url\" content=\"https:\/\/www.slidesplash.com\/resolucao-de-litigios\/\" \/>\n<meta property=\"og:site_name\" content=\"Slide &amp; Splash\" \/>\n<meta property=\"article:modified_time\" content=\"2026-01-07T20:06:34+00:00\" \/>\n<meta name=\"twitter:card\" content=\"summary_large_image\" \/>\n<meta name=\"twitter:label1\" content=\"Tiempo de lectura\" \/>\n\t<meta name=\"twitter:data1\" content=\"1 minuto\" \/>\n<script type=\"application\/ld+json\" class=\"yoast-schema-graph\">{\"@context\":\"https:\\\/\\\/schema.org\",\"@graph\":[{\"@type\":\"WebPage\",\"@id\":\"https:\\\/\\\/www.slidesplash.com\\\/resolucao-de-litigios\\\/\",\"url\":\"https:\\\/\\\/www.slidesplash.com\\\/resolucao-de-litigios\\\/\",\"name\":\"Resoluci\u00f3n de litigios - Slide &amp; Splash\",\"isPartOf\":{\"@id\":\"https:\\\/\\\/www.slidesplash.com\\\/en\\\/#website\"},\"datePublished\":\"2025-11-10T17:35:52+00:00\",\"dateModified\":\"2026-01-07T20:06:34+00:00\",\"description\":\"Consulta la informaci\u00f3n sobre la resoluci\u00f3n alternativa de conflictos y conoce tus derechos como consumidor de forma sencilla.\",\"breadcrumb\":{\"@id\":\"https:\\\/\\\/www.slidesplash.com\\\/resolucao-de-litigios\\\/#breadcrumb\"},\"inLanguage\":\"es\",\"potentialAction\":[{\"@type\":\"ReadAction\",\"target\":[\"https:\\\/\\\/www.slidesplash.com\\\/resolucao-de-litigios\\\/\"]}]},{\"@type\":\"BreadcrumbList\",\"@id\":\"https:\\\/\\\/www.slidesplash.com\\\/resolucao-de-litigios\\\/#breadcrumb\",\"itemListElement\":[{\"@type\":\"ListItem\",\"position\":1,\"name\":\"In\u00edcio\",\"item\":\"https:\\\/\\\/www.slidesplash.com\\\/es\\\/\"},{\"@type\":\"ListItem\",\"position\":2,\"name\":\"Resoluci\u00f3n de litigios\"}]},{\"@type\":\"WebSite\",\"@id\":\"https:\\\/\\\/www.slidesplash.com\\\/en\\\/#website\",\"url\":\"https:\\\/\\\/www.slidesplash.com\\\/en\\\/\",\"name\":\"Slide &amp; Splash\",\"description\":\"\",\"potentialAction\":[{\"@type\":\"SearchAction\",\"target\":{\"@type\":\"EntryPoint\",\"urlTemplate\":\"https:\\\/\\\/www.slidesplash.com\\\/en\\\/?s={search_term_string}\"},\"query-input\":{\"@type\":\"PropertyValueSpecification\",\"valueRequired\":true,\"valueName\":\"search_term_string\"}}],\"inLanguage\":\"es\"}]}<\/script>\n<!-- \/ Yoast SEO plugin. -->","yoast_head_json":{"title":"Resoluci\u00f3n de litigios - Slide &amp; Splash","description":"Consulta la informaci\u00f3n sobre la resoluci\u00f3n alternativa de conflictos y conoce tus derechos como consumidor de forma sencilla.","robots":{"index":"index","follow":"follow","max-snippet":"max-snippet:-1","max-image-preview":"max-image-preview:large","max-video-preview":"max-video-preview:-1"},"canonical":"https:\/\/www.slidesplash.com\/resolucao-de-litigios\/","og_locale":"es_ES","og_type":"article","og_title":"Resoluci\u00f3n de litigios - Slide &amp; Splash","og_description":"Consulta la informaci\u00f3n sobre la resoluci\u00f3n alternativa de conflictos y conoce tus derechos como consumidor de forma sencilla.","og_url":"https:\/\/www.slidesplash.com\/resolucao-de-litigios\/","og_site_name":"Slide &amp; Splash","article_modified_time":"2026-01-07T20:06:34+00:00","twitter_card":"summary_large_image","twitter_misc":{"Tiempo de lectura":"1 minuto"},"schema":{"@context":"https:\/\/schema.org","@graph":[{"@type":"WebPage","@id":"https:\/\/www.slidesplash.com\/resolucao-de-litigios\/","url":"https:\/\/www.slidesplash.com\/resolucao-de-litigios\/","name":"Resoluci\u00f3n de litigios - Slide &amp; Splash","isPartOf":{"@id":"https:\/\/www.slidesplash.com\/en\/#website"},"datePublished":"2025-11-10T17:35:52+00:00","dateModified":"2026-01-07T20:06:34+00:00","description":"Consulta la informaci\u00f3n sobre la resoluci\u00f3n alternativa de conflictos y conoce tus derechos como consumidor de forma sencilla.","breadcrumb":{"@id":"https:\/\/www.slidesplash.com\/resolucao-de-litigios\/#breadcrumb"},"inLanguage":"es","potentialAction":[{"@type":"ReadAction","target":["https:\/\/www.slidesplash.com\/resolucao-de-litigios\/"]}]},{"@type":"BreadcrumbList","@id":"https:\/\/www.slidesplash.com\/resolucao-de-litigios\/#breadcrumb","itemListElement":[{"@type":"ListItem","position":1,"name":"In\u00edcio","item":"https:\/\/www.slidesplash.com\/es\/"},{"@type":"ListItem","position":2,"name":"Resoluci\u00f3n de litigios"}]},{"@type":"WebSite","@id":"https:\/\/www.slidesplash.com\/en\/#website","url":"https:\/\/www.slidesplash.com\/en\/","name":"Slide &amp; Splash","description":"","potentialAction":[{"@type":"SearchAction","target":{"@type":"EntryPoint","urlTemplate":"https:\/\/www.slidesplash.com\/en\/?s={search_term_string}"},"query-input":{"@type":"PropertyValueSpecification","valueRequired":true,"valueName":"search_term_string"}}],"inLanguage":"es"}]}},"_links":{"self":[{"href":"https:\/\/www.slidesplash.com\/es\/wp-json\/wp\/v2\/pages\/9484","targetHints":{"allow":["GET"]}}],"collection":[{"href":"https:\/\/www.slidesplash.com\/es\/wp-json\/wp\/v2\/pages"}],"about":[{"href":"https:\/\/www.slidesplash.com\/es\/wp-json\/wp\/v2\/types\/page"}],"author":[{"embeddable":true,"href":"https:\/\/www.slidesplash.com\/es\/wp-json\/wp\/v2\/users\/1"}],"replies":[{"embeddable":true,"href":"https:\/\/www.slidesplash.com\/es\/wp-json\/wp\/v2\/comments?post=9484"}],"version-history":[{"count":5,"href":"https:\/\/www.slidesplash.com\/es\/wp-json\/wp\/v2\/pages\/9484\/revisions"}],"predecessor-version":[{"id":10058,"href":"https:\/\/www.slidesplash.com\/es\/wp-json\/wp\/v2\/pages\/9484\/revisions\/10058"}],"wp:attachment":[{"href":"https:\/\/www.slidesplash.com\/es\/wp-json\/wp\/v2\/media?parent=9484"}],"wp:term":[{"taxonomy":"page_category","embeddable":true,"href":"https:\/\/www.slidesplash.com\/es\/wp-json\/wp\/v2\/page_category?post=9484"}],"curies":[{"name":"wp","href":"https:\/\/api.w.org\/{rel}","templated":true}]}}