{"id":11084,"date":"2026-01-08T15:35:40","date_gmt":"2026-01-08T15:35:40","guid":{"rendered":"https:\/\/www.slidesplash.com\/?page_id=11084"},"modified":"2026-04-11T12:02:38","modified_gmt":"2026-04-11T12:02:38","slug":"venta-del-billete-de-2o-dia","status":"publish","type":"page","link":"https:\/\/www.slidesplash.com\/es\/venta-del-billete-de-2o-dia\/","title":{"rendered":"Venta del billete de 2\u00ba d\u00eda"},"content":{"rendered":"[vc_row type=\u00bbfull_width_background\u00bb full_screen_row_position=\u00bbmiddle\u00bb column_margin=\u00bbdefault\u00bb column_direction=\u00bbdefault\u00bb column_direction_tablet=\u00bbdefault\u00bb column_direction_phone=\u00bbdefault\u00bb bg_image=\u00bb6141&#8243; bg_position=\u00bbcenter center\u00bb background_image_loading=\u00bbdefault\u00bb bg_repeat=\u00bbno-repeat\u00bb scene_position=\u00bbcenter\u00bb text_color=\u00bbdark\u00bb text_align=\u00bbleft\u00bb row_border_radius=\u00bbnone\u00bb row_border_radius_applies=\u00bbbg\u00bb overflow=\u00bbvisible\u00bb id=\u00bbheader-ondas\u00bb enable_gradient=\u00bbtrue\u00bb color_overlay=\u00bb#000000&#8243; color_overlay_2=\u00bb#000000&#8243; overlay_strength=\u00bb0.3&#8243; gradient_direction=\u00bbtop_to_bottom\u00bb enable_shape_divider=\u00bbtrue\u00bb shape_divider_color=\u00bb#FFFFFF\u00bb shape_divider_position=\u00bbbottom\u00bb shape_divider_height=\u00bb210&#8243; bg_image_animation=\u00bbnone\u00bb gradient_type=\u00bbdefault\u00bb shape_type=\u00bbwaves_opacity_alt\u00bb][vc_column column_padding=\u00bbno-extra-padding\u00bb column_padding_tablet=\u00bbinherit\u00bb column_padding_phone=\u00bbinherit\u00bb column_padding_position=\u00bball\u00bb column_element_direction_desktop=\u00bbdefault\u00bb column_element_spacing=\u00bbdefault\u00bb desktop_text_alignment=\u00bbdefault\u00bb tablet_text_alignment=\u00bbdefault\u00bb phone_text_alignment=\u00bbdefault\u00bb background_color_opacity=\u00bb1&#8243; background_hover_color_opacity=\u00bb1&#8243; column_backdrop_filter=\u00bbnone\u00bb column_shadow=\u00bbnone\u00bb column_border_radius=\u00bbnone\u00bb column_link_target=\u00bb_self\u00bb column_position=\u00bbdefault\u00bb gradient_direction=\u00bbleft_to_right\u00bb overlay_strength=\u00bb0.3&#8243; width=\u00bb1\/1&#8243; tablet_width_inherit=\u00bbdefault\u00bb animation_type=\u00bbdefault\u00bb bg_image_animation=\u00bbnone\u00bb border_type=\u00bbsimple\u00bb column_border_width=\u00bbnone\u00bb column_border_style=\u00bbsolid\u00bb][vc_row_inner column_margin=\u00bbdefault\u00bb column_direction=\u00bbdefault\u00bb column_direction_tablet=\u00bbdefault\u00bb column_direction_phone=\u00bbdefault\u00bb text_align=\u00bbleft\u00bb row_position=\u00bbdefault\u00bb row_position_tablet=\u00bbinherit\u00bb row_position_phone=\u00bbinherit\u00bb overflow=\u00bbvisible\u00bb pointer_events=\u00bball\u00bb class=\u00bbondas-titulo-area\u00bb][vc_column_inner column_padding=\u00bbpadding-19-percent\u00bb column_padding_tablet=\u00bbinherit\u00bb column_padding_phone=\u00bbpadding-5-percent\u00bb column_padding_position=\u00bbtop\u00bb column_element_direction_desktop=\u00bbdefault\u00bb column_element_spacing=\u00bbdefault\u00bb desktop_text_alignment=\u00bbdefault\u00bb tablet_text_alignment=\u00bbdefault\u00bb phone_text_alignment=\u00bbdefault\u00bb background_color_opacity=\u00bb1&#8243; background_hover_color_opacity=\u00bb1&#8243; column_backdrop_filter=\u00bbnone\u00bb column_shadow=\u00bbnone\u00bb column_border_radius=\u00bbnone\u00bb column_link_target=\u00bb_self\u00bb overflow=\u00bbvisible\u00bb gradient_direction=\u00bbleft_to_right\u00bb overlay_strength=\u00bb0.3&#8243; width=\u00bb1\/1&#8243; tablet_width_inherit=\u00bbdefault\u00bb animation_type=\u00bbdefault\u00bb bg_image_animation=\u00bbnone\u00bb border_type=\u00bbsimple\u00bb column_border_width=\u00bbnone\u00bb column_border_style=\u00bbsolid\u00bb column_padding_type=\u00bbdefault\u00bb gradient_type=\u00bbdefault\u00bb][vc_custom_heading text=\u00bbSegundo D\u00eda\u00bb font_container=\u00bbtag:h1|text_align:center|color:%23FFFFFF\u00bb use_theme_fonts=\u00bbyes\u00bb css=\u00bb\u00bb el_class=\u00bbhero-title titulo-ondas\u00bb][\/vc_column_inner][\/vc_row_inner][\/vc_column][\/vc_row][vc_row type=\u00bbfull_width_content\u00bb full_screen_row_position=\u00bbmiddle\u00bb column_margin=\u00bbdefault\u00bb equal_height=\u00bbyes\u00bb content_placement=\u00bbmiddle\u00bb column_direction=\u00bbdefault\u00bb column_direction_tablet=\u00bbdefault\u00bb column_direction_phone=\u00bbdefault\u00bb bg_color=\u00bb#FFFFFF\u00bb scene_position=\u00bbcenter\u00bb top_padding=\u00bb4%\u00bb constrain_group_1=\u00bbyes\u00bb bottom_padding=\u00bb4%\u00bb text_color=\u00bbdark\u00bb text_align=\u00bbleft\u00bb row_border_radius=\u00bbnone\u00bb row_border_radius_applies=\u00bbbg\u00bb overflow=\u00bbvisible\u00bb overlay_strength=\u00bb0.3&#8243; gradient_direction=\u00bbleft_to_right\u00bb shape_divider_position=\u00bbbottom\u00bb bg_image_animation=\u00bbnone\u00bb gradient_type=\u00bbdefault\u00bb shape_type=\u00bb\u00bb][vc_column column_padding=\u00bbpadding-4-percent\u00bb column_padding_tablet=\u00bbinherit\u00bb column_padding_phone=\u00bbinherit\u00bb column_padding_position=\u00bball\u00bb column_element_direction_desktop=\u00bbdefault\u00bb column_element_spacing=\u00bbdefault\u00bb desktop_text_alignment=\u00bbdefault\u00bb tablet_text_alignment=\u00bbdefault\u00bb phone_text_alignment=\u00bbdefault\u00bb background_color=\u00bb#FFFFFF\u00bb background_color_opacity=\u00bb1&#8243; background_hover_color_opacity=\u00bb1&#8243; column_backdrop_filter=\u00bbnone\u00bb column_shadow=\u00bbnone\u00bb column_border_radius=\u00bbnone\u00bb column_link_target=\u00bb_self\u00bb column_position=\u00bbdefault\u00bb gradient_direction=\u00bbleft_to_right\u00bb overlay_strength=\u00bb0.3&#8243; width=\u00bb1\/2&#8243; tablet_width_inherit=\u00bbdefault\u00bb animation_type=\u00bbdefault\u00bb enable_animation=\u00bbtrue\u00bb animation=\u00bbslight-fade-in-from-bottom\u00bb animation_easing=\u00bbdefault\u00bb bg_image_animation=\u00bbnone\u00bb border_type=\u00bbsimple\u00bb column_border_width=\u00bbnone\u00bb column_border_style=\u00bbsolid\u00bb column_padding_type=\u00bbdefault\u00bb gradient_type=\u00bbdefault\u00bb][vc_row_inner column_margin=\u00bbdefault\u00bb column_direction=\u00bbdefault\u00bb column_direction_tablet=\u00bbdefault\u00bb column_direction_phone=\u00bbdefault\u00bb text_align=\u00bbleft\u00bb row_position=\u00bbdefault\u00bb row_position_tablet=\u00bbinherit\u00bb row_position_phone=\u00bbinherit\u00bb overflow=\u00bbvisible\u00bb pointer_events=\u00bball\u00bb][vc_column_inner column_padding=\u00bbno-extra-padding\u00bb column_padding_tablet=\u00bbinherit\u00bb column_padding_phone=\u00bbinherit\u00bb column_padding_position=\u00bball\u00bb column_element_direction_desktop=\u00bbdefault\u00bb column_element_spacing=\u00bbdefault\u00bb desktop_text_alignment=\u00bbdefault\u00bb tablet_text_alignment=\u00bbdefault\u00bb phone_text_alignment=\u00bbdefault\u00bb background_color_opacity=\u00bb1&#8243; background_hover_color_opacity=\u00bb1&#8243; column_backdrop_filter=\u00bbnone\u00bb column_shadow=\u00bbnone\u00bb column_border_radius=\u00bbnone\u00bb column_link_target=\u00bb_self\u00bb overflow=\u00bbvisible\u00bb gradient_direction=\u00bbleft_to_right\u00bb overlay_strength=\u00bb0.3&#8243; width=\u00bb1\/1&#8243; tablet_width_inherit=\u00bbdefault\u00bb animation_type=\u00bbdefault\u00bb enable_animation=\u00bbtrue\u00bb animation=\u00bbfade-in-from-bottom\u00bb animation_easing=\u00bbdefault\u00bb bg_image_animation=\u00bbnone\u00bb border_type=\u00bbsimple\u00bb column_border_width=\u00bbnone\u00bb column_border_style=\u00bbsolid\u00bb][vc_custom_heading text=\u00bb\u00a1EL DOBLE DE DIVERSI\u00d3N!\u00bb font_container=\u00bbtag:h6|text_align:left|color:%23414141&#8243; use_theme_fonts=\u00bbyes\u00bb css=\u00bb\u00bb][vc_custom_heading text=\u00bbBoleto de 2\u00ba D\u00eda &#8211; 16 \u20ac\u00bb font_container=\u00bbtag:h2|font_size:40|text_align:left|color:%23116FA4|line_height:50px\u00bb use_theme_fonts=\u00bbyes\u00bb css=\u00bb\u00bb][vc_column_text css=\u00bb\u00bb text_direction=\u00bbdefault\u00bb]\n<ul>\n<li>\n<p data-path-to-node=\"9,0,0\"><b data-path-to-node=\"9,0,0\" data-index-in-node=\"0\">Adquiera su entrada de segundo d\u00eda<\/b> en la recepci\u00f3n del parque durante su primer d\u00eda de visita por solo <b data-path-to-node=\"9,0,0\" data-index-in-node=\"103\">16 \u20ac por persona<\/b> (Normal, J\u00fanior o S\u00e9nior).<\/p>\n<\/li>\n<li>\n<p data-path-to-node=\"9,1,0\">Una vez fuera del parque, <b data-path-to-node=\"9,1,0\" data-index-in-node=\"26\">ya no ser\u00e1 posible<\/b> obtener la entrada para el segundo d\u00eda.<\/p>\n<\/li>\n<li>\n<p data-path-to-node=\"9,2,0\">Si ya tiene su entrada de segundo d\u00eda, dir\u00edjase a la recepci\u00f3n para <b data-path-to-node=\"9,2,0\" data-index-in-node=\"68\">obtener su pulsera antes de salir<\/b> del parque.<\/p>\n<\/li>\n<li>\n<p data-path-to-node=\"9,3,0\">El acceso para la segunda visita requiere la presentaci\u00f3n obligatoria de la entrada de segundo d\u00eda y de una pulsera personal e intransferible.<\/p>\n<\/li>\n<li>\n<p data-path-to-node=\"9,4,0\">La entrada de segundo d\u00eda es v\u00e1lida durante los <b data-path-to-node=\"9,4,0\" data-index-in-node=\"48\">10 d\u00edas<\/b> posteriores a la primera visita.<\/p>\n<\/li>\n<li>\n<p data-path-to-node=\"9,5,0\">La falta de presentaci\u00f3n o la manipulaci\u00f3n de la pulsera y la entrada invalidar\u00e1 el acceso al parque.<\/p>\n<\/li>\n<li>\n<p data-path-to-node=\"9,6,0\">Esta oferta no es acumulable con otros servicios o promociones.<\/p>\n<\/li>\n<li>&nbsp;<\/li>\n<\/ul>\n[\/vc_column_text][\/vc_column_inner][\/vc_row_inner][\/vc_column][vc_column column_padding=\u00bbno-extra-padding\u00bb column_padding_tablet=\u00bbinherit\u00bb column_padding_phone=\u00bbinherit\u00bb column_padding_position=\u00bball\u00bb column_element_direction_desktop=\u00bbdefault\u00bb column_element_spacing=\u00bbdefault\u00bb desktop_text_alignment=\u00bbdefault\u00bb tablet_text_alignment=\u00bbdefault\u00bb phone_text_alignment=\u00bbdefault\u00bb background_color_opacity=\u00bb1&#8243; background_hover_color_opacity=\u00bb1&#8243; column_backdrop_filter=\u00bbnone\u00bb column_shadow=\u00bbnone\u00bb column_border_radius=\u00bbnone\u00bb column_link_target=\u00bb_self\u00bb column_position=\u00bbdefault\u00bb gradient_direction=\u00bbleft_to_right\u00bb overlay_strength=\u00bb0.3&#8243; width=\u00bb1\/2&#8243; tablet_width_inherit=\u00bbdefault\u00bb animation_type=\u00bbdefault\u00bb bg_image_animation=\u00bbnone\u00bb border_type=\u00bbsimple\u00bb column_border_width=\u00bbnone\u00bb column_border_style=\u00bbsolid\u00bb column_padding_type=\u00bbdefault\u00bb gradient_type=\u00bbdefault\u00bb][image_with_animation image_url=\u00bb12279&#8243; image_size=\u00bbfull\u00bb max_width=\u00bb100%\u00bb max_width_mobile=\u00bbdefault\u00bb animation_type=\u00bbentrance\u00bb animation=\u00bbNone\u00bb animation_movement_type=\u00bbtransform_y\u00bb hover_animation=\u00bbnone\u00bb alignment=\u00bbcenter\u00bb border_radius=\u00bbnone\u00bb box_shadow=\u00bbnone\u00bb image_loading=\u00bbdefault\u00bb][\/vc_column][\/vc_row]\n","protected":false},"excerpt":{"rendered":"<p>[vc_row type=\u00bbfull_width_background\u00bb full_screen_row_position=\u00bbmiddle\u00bb column_margin=\u00bbdefault\u00bb column_direction=\u00bbdefault\u00bb column_direction_tablet=\u00bbdefault\u00bb column_direction_phone=\u00bbdefault\u00bb bg_image=\u00bb6141&#8243; bg_position=\u00bbcenter center\u00bb background_image_loading=\u00bbdefault\u00bb bg_repeat=\u00bbno-repeat\u00bb scene_position=\u00bbcenter\u00bb text_color=\u00bbdark\u00bb text_align=\u00bbleft\u00bb row_border_radius=\u00bbnone\u00bb row_border_radius_applies=\u00bbbg\u00bb overflow=\u00bbvisible\u00bb id=\u00bbheader-ondas\u00bb enable_gradient=\u00bbtrue\u00bb color_overlay=\u00bb#000000&#8243; color_overlay_2=\u00bb#000000&#8243; overlay_strength=\u00bb0.3&#8243; gradient_direction=\u00bbtop_to_bottom\u00bb enable_shape_divider=\u00bbtrue\u00bb shape_divider_color=\u00bb#FFFFFF\u00bb shape_divider_position=\u00bbbottom\u00bb shape_divider_height=\u00bb210&#8243; bg_image_animation=\u00bbnone\u00bb gradient_type=\u00bbdefault\u00bb&#8230;<\/p>\n","protected":false},"author":1,"featured_media":0,"parent":0,"menu_order":0,"comment_status":"closed","ping_status":"closed","template":"","meta":{"_acf_changed":false,"inline_featured_image":false,"ngg_post_thumbnail":0,"footnotes":""},"page_category":[],"class_list":["post-11084","page","type-page","status-publish"],"acf":[],"yoast_head":"<!-- This site is optimized with the Yoast SEO plugin v27.3 - https:\/\/yoast.com\/product\/yoast-seo-wordpress\/ -->\n<title>Venta del billete de 2\u00ba d\u00eda - Slide &amp; Splash<\/title>\n<meta name=\"description\" content=\"Descubre la historia del parque y c\u00f3mo se convirti\u00f3 en un espacio de diversi\u00f3n, innovaci\u00f3n y momentos inolvidables a lo largo de los a\u00f1os.\" \/>\n<meta name=\"robots\" content=\"index, follow, max-snippet:-1, max-image-preview:large, max-video-preview:-1\" \/>\n<link rel=\"canonical\" href=\"https:\/\/www.slidesplash.com\/es\/venta-del-billete-de-2o-dia\/\" \/>\n<meta property=\"og:locale\" content=\"es_ES\" \/>\n<meta property=\"og:type\" content=\"article\" \/>\n<meta property=\"og:title\" content=\"Venta del billete de 2\u00ba d\u00eda - Slide &amp; Splash\" \/>\n<meta property=\"og:description\" content=\"Descubre la historia del parque y c\u00f3mo se convirti\u00f3 en un espacio de diversi\u00f3n, innovaci\u00f3n y momentos inolvidables a lo largo de los a\u00f1os.\" \/>\n<meta property=\"og:url\" content=\"https:\/\/www.slidesplash.com\/es\/venta-del-billete-de-2o-dia\/\" \/>\n<meta property=\"og:site_name\" content=\"Slide &amp; Splash\" \/>\n<meta property=\"article:modified_time\" content=\"2026-04-11T12:02:38+00:00\" \/>\n<meta name=\"twitter:card\" content=\"summary_large_image\" \/>\n<meta name=\"twitter:label1\" content=\"Tiempo de lectura\" \/>\n\t<meta name=\"twitter:data1\" content=\"2 minutos\" \/>\n<script type=\"application\/ld+json\" class=\"yoast-schema-graph\">{\"@context\":\"https:\\\/\\\/schema.org\",\"@graph\":[{\"@type\":\"WebPage\",\"@id\":\"https:\\\/\\\/www.slidesplash.com\\\/es\\\/venta-del-billete-de-2o-dia\\\/\",\"url\":\"https:\\\/\\\/www.slidesplash.com\\\/es\\\/venta-del-billete-de-2o-dia\\\/\",\"name\":\"Venta del billete de 2\u00ba d\u00eda - Slide &amp; Splash\",\"isPartOf\":{\"@id\":\"https:\\\/\\\/www.slidesplash.com\\\/en\\\/#website\"},\"datePublished\":\"2026-01-08T15:35:40+00:00\",\"dateModified\":\"2026-04-11T12:02:38+00:00\",\"description\":\"Descubre la historia del parque y c\u00f3mo se convirti\u00f3 en un espacio de diversi\u00f3n, innovaci\u00f3n y momentos inolvidables a lo largo de los a\u00f1os.\",\"breadcrumb\":{\"@id\":\"https:\\\/\\\/www.slidesplash.com\\\/es\\\/venta-del-billete-de-2o-dia\\\/#breadcrumb\"},\"inLanguage\":\"es\",\"potentialAction\":[{\"@type\":\"ReadAction\",\"target\":[\"https:\\\/\\\/www.slidesplash.com\\\/es\\\/venta-del-billete-de-2o-dia\\\/\"]}]},{\"@type\":\"BreadcrumbList\",\"@id\":\"https:\\\/\\\/www.slidesplash.com\\\/es\\\/venta-del-billete-de-2o-dia\\\/#breadcrumb\",\"itemListElement\":[{\"@type\":\"ListItem\",\"position\":1,\"name\":\"In\u00edcio\",\"item\":\"https:\\\/\\\/www.slidesplash.com\\\/es\\\/\"},{\"@type\":\"ListItem\",\"position\":2,\"name\":\"Venta del billete de 2\u00ba d\u00eda\"}]},{\"@type\":\"WebSite\",\"@id\":\"https:\\\/\\\/www.slidesplash.com\\\/en\\\/#website\",\"url\":\"https:\\\/\\\/www.slidesplash.com\\\/en\\\/\",\"name\":\"Slide &amp; Splash\",\"description\":\"\",\"potentialAction\":[{\"@type\":\"SearchAction\",\"target\":{\"@type\":\"EntryPoint\",\"urlTemplate\":\"https:\\\/\\\/www.slidesplash.com\\\/en\\\/?s={search_term_string}\"},\"query-input\":{\"@type\":\"PropertyValueSpecification\",\"valueRequired\":true,\"valueName\":\"search_term_string\"}}],\"inLanguage\":\"es\"}]}<\/script>\n<!-- \/ Yoast SEO plugin. -->","yoast_head_json":{"title":"Venta del billete de 2\u00ba d\u00eda - Slide &amp; Splash","description":"Descubre la historia del parque y c\u00f3mo se convirti\u00f3 en un espacio de diversi\u00f3n, innovaci\u00f3n y momentos inolvidables a lo largo de los a\u00f1os.","robots":{"index":"index","follow":"follow","max-snippet":"max-snippet:-1","max-image-preview":"max-image-preview:large","max-video-preview":"max-video-preview:-1"},"canonical":"https:\/\/www.slidesplash.com\/es\/venta-del-billete-de-2o-dia\/","og_locale":"es_ES","og_type":"article","og_title":"Venta del billete de 2\u00ba d\u00eda - Slide &amp; Splash","og_description":"Descubre la historia del parque y c\u00f3mo se convirti\u00f3 en un espacio de diversi\u00f3n, innovaci\u00f3n y momentos inolvidables a lo largo de los a\u00f1os.","og_url":"https:\/\/www.slidesplash.com\/es\/venta-del-billete-de-2o-dia\/","og_site_name":"Slide &amp; Splash","article_modified_time":"2026-04-11T12:02:38+00:00","twitter_card":"summary_large_image","twitter_misc":{"Tiempo de lectura":"2 minutos"},"schema":{"@context":"https:\/\/schema.org","@graph":[{"@type":"WebPage","@id":"https:\/\/www.slidesplash.com\/es\/venta-del-billete-de-2o-dia\/","url":"https:\/\/www.slidesplash.com\/es\/venta-del-billete-de-2o-dia\/","name":"Venta del billete de 2\u00ba d\u00eda - Slide &amp; Splash","isPartOf":{"@id":"https:\/\/www.slidesplash.com\/en\/#website"},"datePublished":"2026-01-08T15:35:40+00:00","dateModified":"2026-04-11T12:02:38+00:00","description":"Descubre la historia del parque y c\u00f3mo se convirti\u00f3 en un espacio de diversi\u00f3n, innovaci\u00f3n y momentos inolvidables a lo largo de los a\u00f1os.","breadcrumb":{"@id":"https:\/\/www.slidesplash.com\/es\/venta-del-billete-de-2o-dia\/#breadcrumb"},"inLanguage":"es","potentialAction":[{"@type":"ReadAction","target":["https:\/\/www.slidesplash.com\/es\/venta-del-billete-de-2o-dia\/"]}]},{"@type":"BreadcrumbList","@id":"https:\/\/www.slidesplash.com\/es\/venta-del-billete-de-2o-dia\/#breadcrumb","itemListElement":[{"@type":"ListItem","position":1,"name":"In\u00edcio","item":"https:\/\/www.slidesplash.com\/es\/"},{"@type":"ListItem","position":2,"name":"Venta del billete de 2\u00ba d\u00eda"}]},{"@type":"WebSite","@id":"https:\/\/www.slidesplash.com\/en\/#website","url":"https:\/\/www.slidesplash.com\/en\/","name":"Slide &amp; Splash","description":"","potentialAction":[{"@type":"SearchAction","target":{"@type":"EntryPoint","urlTemplate":"https:\/\/www.slidesplash.com\/en\/?s={search_term_string}"},"query-input":{"@type":"PropertyValueSpecification","valueRequired":true,"valueName":"search_term_string"}}],"inLanguage":"es"}]}},"_links":{"self":[{"href":"https:\/\/www.slidesplash.com\/es\/wp-json\/wp\/v2\/pages\/11084","targetHints":{"allow":["GET"]}}],"collection":[{"href":"https:\/\/www.slidesplash.com\/es\/wp-json\/wp\/v2\/pages"}],"about":[{"href":"https:\/\/www.slidesplash.com\/es\/wp-json\/wp\/v2\/types\/page"}],"author":[{"embeddable":true,"href":"https:\/\/www.slidesplash.com\/es\/wp-json\/wp\/v2\/users\/1"}],"replies":[{"embeddable":true,"href":"https:\/\/www.slidesplash.com\/es\/wp-json\/wp\/v2\/comments?post=11084"}],"version-history":[{"count":6,"href":"https:\/\/www.slidesplash.com\/es\/wp-json\/wp\/v2\/pages\/11084\/revisions"}],"predecessor-version":[{"id":12281,"href":"https:\/\/www.slidesplash.com\/es\/wp-json\/wp\/v2\/pages\/11084\/revisions\/12281"}],"wp:attachment":[{"href":"https:\/\/www.slidesplash.com\/es\/wp-json\/wp\/v2\/media?parent=11084"}],"wp:term":[{"taxonomy":"page_category","embeddable":true,"href":"https:\/\/www.slidesplash.com\/es\/wp-json\/wp\/v2\/page_category?post=11084"}],"curies":[{"name":"wp","href":"https:\/\/api.w.org\/{rel}","templated":true}]}}